{"id":16,"date":"2015-06-30T20:28:40","date_gmt":"2015-06-30T18:28:40","guid":{"rendered":"http:\/\/www.mint-karlsruhe.de\/test\/?page_id=16"},"modified":"2021-07-14T21:32:07","modified_gmt":"2021-07-14T19:32:07","slug":"impressum","status":"publish","type":"page","link":"https:\/\/www.mint-karlsruhe.de\/index.php\/impressum\/","title":{"rendered":"Impressum"},"content":{"rendered":"<p>[vc_row full_width=&#8220;&#8220; parallax=&#8220;&#8220; parallax_image=&#8220;&#8220;][vc_column width=&#8220;1\/2&#8243;]<h2 class=\"section-title\"> Impressum <\/h2><\/p>\n<p>[vc_row][vc_column width=&#8220;1\/2&#8243;]<div class=\"section-subtitle\"><\/div>\n<div>\n<p>Angaben gem\u00e4\u00df \u00a7 5 TMG:<\/p>\n<p><strong>mint<\/strong><br \/>\nbistro.caf\u00e9.bar.catering<br \/>\nLorenzstr. 19<br \/>\nD-76135 Karlsruhe<br \/>\nTel: +49 178-4155927<br \/>\nwww.mint-karlsruhe.de<br \/>\n<a href=\"mailto:info@mint-karlsruhe.de\">info@mint-karlsruhe.de<\/a><\/p>\n<p>Inhaberin: Katja Bock-M\u00fcller<\/p>\n<p>Vertreten durch:<br \/>\nKatja Bock-M\u00fcller<\/p>\n<p>Kontakt:<br \/>\nLorenzstr. 19<br \/>\nD-76135 Karlsruhe<br \/>\nTel: +49 178-4155927<br \/>\nwww.mint-karlsruhe.de<br \/>\n<a href=\"mailto:info@mint-karlsruhe.de\">info@mint-karlsruhe.de<\/a><\/p>\n<p>Umsatzsteuer:<br \/>\nUmsatzsteuerIdentifikationsnummer gem\u00e4\u00df \u00a727 a Umsatzsteuergesetz:<br \/>\nDE302330233<\/p>\n<p>Verantwortlich f\u00fcr den Inhalt nach \u00a7 55 Abs. 2 RStV:<br \/>\nInhaberin: Katja Bock-M\u00fcller<\/p>\n<p><strong>Streitschlichtung<\/strong><br \/>\nDie Europ\u00e4ische Kommission stellt eine Plattform zur Online-Streitbeilegung (OS) bereit: https:\/\/ec.europa.eu\/consumers\/odr. Unsere E-Mail-Adresse finden Sie oben im Impressum. Wir sind nicht bereit oder verpflichtet, an<br \/>\nStreitbeilegungsverfahren vor einer Verbraucherschlichtungsstelle teilzunehmen.<\/p>\n<p><strong>Haftung f\u00fcr Inhalte<\/strong><br \/>\nAls Diensteanbieter sind wir gem\u00e4\u00df \u00a7 7 Abs.1 TMG f\u00fcr eigene Inhalte auf diesen Seiten nach den allgemeinen Gesetzen verantwortlich. Nach \u00a7\u00a7 8 bis 10 TMG sind wir als Diensteanbieter jedoch nicht verpflichtet, \u00fcbermittelte oder gespeicherte fremde Informationen zu \u00fcberwachen oder nach Umst\u00e4nden zu forschen, die auf eine rechtswidrige T\u00e4tigkeit hinweisen.<\/p>\n<p>Verpflichtungen zur Entfernung oder Sperrung der Nutzung vonInformationen nach den allgemeinen Gesetzen bleiben hiervon unber\u00fchrt. Eine diesbez\u00fcgliche Haftung ist jedoch erst ab dem Zeitpunkt der Kenntnis einer konkreten Rechtsverletzung m\u00f6glich. Bei Bekanntwerden von entsprechenden Rechtsverletzungen werden wir diese Inhalte umgehend entfernen.<\/p>\n<p><strong>Haftung f\u00fcr Links<\/strong><br \/>\nUnser Angebot enth\u00e4lt Links zu externen Websites Dritter, auf deren Inhalte wir keinen Einfluss haben. Deshalb k\u00f6nnen wir f\u00fcr diese fremden Inhalte auch keine Gew\u00e4hr \u00fcbernehmen. F\u00fcr die Inhalte der verlinkten Seiten ist stets der jeweilige Anbieter oder Betreiber der Seiten verantwortlich. Die verlinkten Seiten wurden zum Zeitpunkt der Verlinkung auf m\u00f6gliche Rechtsverst\u00f6\u00dfe \u00fcberpr\u00fcft.<br \/>\nRechtswidrige Inhalte waren zum Zeitpunkt der Verlinkung nicht erkennbar. Eine permanente inhaltliche Kontrolle der verlinkten Seiten ist jedoch ohne konkrete Anhaltspunkte einer Rechtsverletzung nicht zumutbar. Bei Bekanntwerden von Rechtsverletzungen werden wir derartige Links umgehend entfernen.<\/p>\n<p><strong>Urheberrecht<\/strong><br \/>\nDie durch die Seitenbetreiber erstellten Inhalte und Werke auf diesen Seiten unterliegen dem deutschen Urheberrecht. Die Vervielf\u00e4ltigung, Bearbeitung,<br \/>\nVerbreitung und jede Art der Verwertung au\u00dferhalb der Grenzen des Urheberrechtes bed\u00fcrfen der schriftlichen Zustimmung des jeweiligen Autors bzw. Erstellers. Downloads und Kopien dieser Seite sind nur f\u00fcr den privaten, nicht kommerziellen Gebrauch gestattet. Soweit die Inhalte auf<br \/>\ndieser Seite nicht vom Betreiber erstellt wurden, werden die Urheberrechte Dritter beachtet. Insbesondere werden Inhalte Dritter als solche gekennzeichnet. Sollten Sie trotzdem auf eine Urheberrechtsverletzung aufmerksam werden, bitten wir um einen entsprechenden Hinweis. Bei Bekanntwerden von<br \/>\nRechtsverletzungen werden wir derartige Inhalte umgehend entfernen.<\/p>\n<p><strong>Design, Programmierung:<\/strong>\u00a0<br \/>\nbureau bodes \u2013 Agentur f\u00fcr Design und Animation<br \/>\n<a href=\"https:\/\/www.bureaubodes.de\">bureau bodes<br \/>\n<\/a><br \/>\n<strong>Fotografie:<\/strong> Andreas Sach\u00dfe,\u00a0Harald V\u00f6lkl<\/p>\n<\/div>\n","protected":false},"excerpt":{"rendered":"<p>[vc_row full_width=&#8220;&#8220; parallax=&#8220;&#8220; parallax_image=&#8220;&#8220;][vc_column width=&#8220;1\/2&#8243;] [vc_row][vc_column width=&#8220;1\/2&#8243;] Angaben gem\u00e4\u00df \u00a7 5 TMG: mint bistro.caf\u00e9.bar.catering Lorenzstr. 19 D-76135 Karlsruhe Tel: +49 178-4155927 www.mint-karlsruhe.de info@mint-karlsruhe.de Inhaberin: Katja Bock-M\u00fcller Vertreten durch: Katja Bock-M\u00fcller Kontakt: Lorenzstr. 19 D-76135 Karlsruhe Tel: +49 178-4155927 www.mint-karlsruhe.de info@mint-karlsruhe.de Umsatzsteuer: UmsatzsteuerIdentifikationsnummer gem\u00e4\u00df \u00a727 a Umsatzsteuergesetz: DE302330233 Verantwortlich f\u00fcr den Inhalt nach \u00a7 55 Abs. [&hellip;]<\/p>\n","protected":false},"author":1,"featured_media":0,"parent":0,"menu_order":0,"comment_status":"open","ping_status":"open","template":"page-full-width.php","meta":{"footnotes":""},"class_list":["post-16","page","type-page","status-publish","hentry"],"_links":{"self":[{"href":"https:\/\/www.mint-karlsruhe.de\/index.php\/wp-json\/wp\/v2\/pages\/16","targetHints":{"allow":["GET"]}}],"collection":[{"href":"https:\/\/www.mint-karlsruhe.de\/index.php\/wp-json\/wp\/v2\/pages"}],"about":[{"href":"https:\/\/www.mint-karlsruhe.de\/index.php\/wp-json\/wp\/v2\/types\/page"}],"author":[{"embeddable":true,"href":"https:\/\/www.mint-karlsruhe.de\/index.php\/wp-json\/wp\/v2\/users\/1"}],"replies":[{"embeddable":true,"href":"https:\/\/www.mint-karlsruhe.de\/index.php\/wp-json\/wp\/v2\/comments?post=16"}],"version-history":[{"count":21,"href":"https:\/\/www.mint-karlsruhe.de\/index.php\/wp-json\/wp\/v2\/pages\/16\/revisions"}],"predecessor-version":[{"id":1039,"href":"https:\/\/www.mint-karlsruhe.de\/index.php\/wp-json\/wp\/v2\/pages\/16\/revisions\/1039"}],"wp:attachment":[{"href":"https:\/\/www.mint-karlsruhe.de\/index.php\/wp-json\/wp\/v2\/media?parent=16"}],"curies":[{"name":"wp","href":"https:\/\/api.w.org\/{rel}","templated":true}]}}