{"id":4,"date":"2015-06-30T20:29:29","date_gmt":"2015-06-30T18:29:29","guid":{"rendered":"http:\/\/www.mint-karlsruhe.de\/test\/?page_id=4"},"modified":"2026-04-28T12:21:20","modified_gmt":"2026-04-28T10:21:20","slug":"aktuell","status":"publish","type":"page","link":"https:\/\/www.mint-karlsruhe.de\/","title":{"rendered":"Aktuell"},"content":{"rendered":"<p style=\"text-align: left;\"><h2 class=\"section-title\">Mittagstisch KW 17<\/h2><div class=\"section-subtitle\">\n<p>\nTomatencr\u00e8mesuppe<br \/>\n<br \/>\nBeilagensalat<br \/>\n<br \/>\nTagessalat mit verschiedenen Toppings<br \/>\n<br \/>\nPasta mit Salbeibutter, Tomatenspinat und Parmesan<br \/>\n<br \/>\nGen\u00fcsequiche an Kr\u00e4uterdip mit Salat<br \/>\n<br \/>\nB\u00e4rlauchk\u00e4sesp\u00e4tzle aus der Pfanne mit buntem Gem\u00fcse, gebratener Brokkoli, Sesam-Sojaso\u00dfe an Tomaten-Chilireis vegan<br \/>\n<br \/>\nH\u00fchnerfrikassee mit Gem\u00fcse und Reis<br \/>\n<\/p>\n<\/div>\n<p style=\"text-align: left;\"><h2 class=\"section-title\">Unsere \u00d6ffnungszeiten:<\/h2><div class=\"section-subtitle\">\n<p>\nMI\/DO 11:00 &#8211; 17:00 Uhr<br \/>FR\/SA\/SO 11:00 &#8211; 18:00 Uhr.<\/p>\n<p>Mittagstisch:<br \/>MI\/DO\/FR<br \/>12:00 &#8211; 14:00 Uhr<\/p>\n<p>Mit einem leckeren Angebot unseres wechselnden Mittagstisches sowie unseren hausgemachten Kuchen.<\/p>\n<p>Am Wochenende f\u00fcllen unsere Meisterkonditorinnen die Kuchentheke und es gibt Suppe und Snacks solange der Vorrat reicht.<\/p>\n<\/div>\n<p style=\"text-align: left;\"><h2 class=\"section-title\">Backkurse<\/h2><div class=\"section-subtitle\">\n<p style=\"text-align: center;\">Unsere Meisterkonditorinnen Eva, Hilary, Gina und Caro bieten Backkurse<br \/>mit verschiedenen Themenschwerpunkten an.<\/p>\n<p style=\"text-align: center;\"><strong>Dauer:<\/strong> ca. 2,5 Std.<\/p>\n<p style=\"text-align: center;\"><strong>Kosten:<\/strong> 85 Euro inklusive Kostproben f\u00fcr zuhause,<br \/>Prosecco, Hei\u00df- und Kaltgetr\u00e4nken<\/p>\n<p style=\"text-align: center;\">Anmeldung gerne per E-Mail an:<br \/>info@mint-karlsruhe.de<\/p>\n<p style=\"text-align: center;\"><\/div><h2 class=\"section-title\">Geburtstagstisch im mint <b>&nbsp;<\/b><\/h2><div class=\"section-subtitle\">\n<p style=\"text-align: center;\">Das&nbsp;mint im ZKM_Foyer l\u00e4dt ein,&nbsp;den Geburtstag nach oder vor<br \/>einer F\u00fchrung&nbsp;oder einem Workshop <a href=\"http:\/\/zkm.de\/fuehrungen-workshops\/kinder-und-familien\/geburtstag-im-zkm\">(Kinderworkshops im ZKM)<\/a><br \/>weiter zu feiern.<\/p>\n<p style=\"text-align: center;\">W\u00e4hrend der Museums\u00f6ffnungszeiten kann f\u00fcr das Geburtstagskind<br \/>und seine G\u00e4ste ein sch\u00f6n dekorierter Geburtstagstisch&nbsp;mit folgenden Angeboten<br \/>gebucht werden:<\/p>\n<p style=\"text-align: center;\"><strong>S\u00fc\u00df: <\/strong>ein&nbsp;Muffin + Wasser und Saft:<br \/>7,00 \u20ac\/pro Kind<\/p>\n<p style=\"text-align: center;\"><strong>Salzig:<br \/><\/strong>ein&nbsp;Pastagericht + Wasser und Saft:<br \/>11,50 \u20ac\/pro Kind<\/p>\n<p style=\"text-align: center;\"><strong>S\u00fc\u00df &amp; Salzig:<br \/><\/strong>ein&nbsp;Pastagericht + ein Muffin + Wasser und Saft.<br \/>13,50 \u20ac\/pro Kind<\/p>\n<p style=\"text-align: center;\"><strong>Geburtstagskuchen \/-torte (Motivtorte)<\/strong><br \/>ab 45 \u20ac je nach Wunsch und Aufwand<\/p>\n<p style=\"text-align: center;\">Anmeldungen mit mindestens zwei Wochen Vorlauf bitte per Mail an info@mint-karlsruhe.de <br \/>\nBitte geben Sie dabei die Anzahl der Kinder, das Datum, die Uhrzeit und das gew\u00fcnschte Paket an. Wir senden Ihnen dann gerne ein Angebot und die Reservierungsbest\u00e4tigung zu. <\/p>\n<p style=\"text-align: center;\"><\/div>[vc_column width=&#8220;1\/2&#8243;][\/vc_column]<div class=\"carousel-wrap generic-carousel\">\n            <div class=\"jelly-carousel\"><div class=\"item\"><img loading=\"lazy\" decoding=\"async\" width=\"335\" height=\"223\" src=\"https:\/\/www.mint-karlsruhe.de\/wp-content\/uploads\/2015\/11\/kindergebutstag01.jpg\" class=\"attachment-full size-full\" alt=\"\" srcset=\"https:\/\/www.mint-karlsruhe.de\/wp-content\/uploads\/2015\/11\/kindergebutstag01.jpg 335w, https:\/\/www.mint-karlsruhe.de\/wp-content\/uploads\/2015\/11\/kindergebutstag01-300x200.jpg 300w\" sizes=\"auto, (max-width: 335px) 100vw, 335px\" \/><\/div><div class=\"item\"><img loading=\"lazy\" decoding=\"async\" width=\"335\" height=\"223\" src=\"https:\/\/www.mint-karlsruhe.de\/wp-content\/uploads\/2015\/11\/kindergebutstag02.jpg\" class=\"attachment-full size-full\" alt=\"\" srcset=\"https:\/\/www.mint-karlsruhe.de\/wp-content\/uploads\/2015\/11\/kindergebutstag02.jpg 335w, https:\/\/www.mint-karlsruhe.de\/wp-content\/uploads\/2015\/11\/kindergebutstag02-300x200.jpg 300w\" sizes=\"auto, (max-width: 335px) 100vw, 335px\" \/><\/div><div class=\"item\"><img loading=\"lazy\" decoding=\"async\" width=\"335\" height=\"223\" src=\"https:\/\/www.mint-karlsruhe.de\/wp-content\/uploads\/2015\/11\/kindergebutstag03.jpg\" class=\"attachment-full size-full\" alt=\"\" srcset=\"https:\/\/www.mint-karlsruhe.de\/wp-content\/uploads\/2015\/11\/kindergebutstag03.jpg 335w, https:\/\/www.mint-karlsruhe.de\/wp-content\/uploads\/2015\/11\/kindergebutstag03-300x200.jpg 300w\" sizes=\"auto, (max-width: 335px) 100vw, 335px\" \/><\/div><div class=\"item\"><img loading=\"lazy\" decoding=\"async\" width=\"335\" height=\"223\" src=\"https:\/\/www.mint-karlsruhe.de\/wp-content\/uploads\/2015\/11\/kindergebutstag04.jpg\" class=\"attachment-full size-full\" alt=\"\" srcset=\"https:\/\/www.mint-karlsruhe.de\/wp-content\/uploads\/2015\/11\/kindergebutstag04.jpg 335w, https:\/\/www.mint-karlsruhe.de\/wp-content\/uploads\/2015\/11\/kindergebutstag04-300x200.jpg 300w\" sizes=\"auto, (max-width: 335px) 100vw, 335px\" \/><\/div><\/div>\n        <\/div>[vc_row][\/vc_row][vc_column width=&#8220;1\/2&#8243;][\/vc_column]<h2 class=\"section-title\">mint in der Presse<\/h2><div class=\"section-subtitle\">\n<p style=\"text-align: center;\">Den Artikel im Netzwerk S\u00fcdbaden<br \/>k\u00f6nnen Sie sich&nbsp;<strong><a href=\"https:\/\/www.mint-Karlsruhe.de\/Netzwerk_suedbaden_Gastro.pdf\" target=\"_blank\" rel=\"noopener noreferrer\">hier<\/a><\/strong>&nbsp;ansehen.<\/p>\n<p style=\"text-align: center;\">Den Artikel im Magazin \u00bbmiteinander\u00ab der Stadtwerke Karlsruhe<br \/>k\u00f6nnen Sie sich <strong><a href=\"https:\/\/www.mint-karlsruhe.de\/miteinander.pdf\">hier<\/a><\/strong> ansehen.<\/div><h2 class=\"section-title\">mint meets Kulinarische Welten<b>&nbsp;<\/b><\/h2><div class=\"section-subtitle\">\n<p style=\"text-align: center;\">Marcus B\u00f6ker aus unserem Team bietet Kochkurse, Genuss-Events sowie Catering an.<\/p>\n<p style=\"text-align: center;\">Mehr Infos auf <a href=\"http:\/\/www.kulinarische-welten.de\" target=\"_blank\" rel=\"noopener noreferrer\">Kulinarische Welten<\/a><\/div>\n<\/div>\n<\/div>\n<p><\/div>\n<\/div>\n<\/div>\n<p><\/div>\n<\/div>\n<\/div>\n<p><!--vcv no format--><\/p>\n","protected":false},"excerpt":{"rendered":"<p>[vc_column width=&#8220;1\/2&#8243;][\/vc_column][vc_row][\/vc_row][vc_column width=&#8220;1\/2&#8243;][\/vc_column]<\/p>\n","protected":false},"author":1,"featured_media":0,"parent":0,"menu_order":0,"comment_status":"open","ping_status":"open","template":"page-full-width.php","meta":{"footnotes":""},"class_list":["post-4","page","type-page","status-publish","hentry"],"_links":{"self":[{"href":"https:\/\/www.mint-karlsruhe.de\/index.php\/wp-json\/wp\/v2\/pages\/4","targetHints":{"allow":["GET"]}}],"collection":[{"href":"https:\/\/www.mint-karlsruhe.de\/index.php\/wp-json\/wp\/v2\/pages"}],"about":[{"href":"https:\/\/www.mint-karlsruhe.de\/index.php\/wp-json\/wp\/v2\/types\/page"}],"author":[{"embeddable":true,"href":"https:\/\/www.mint-karlsruhe.de\/index.php\/wp-json\/wp\/v2\/users\/1"}],"replies":[{"embeddable":true,"href":"https:\/\/www.mint-karlsruhe.de\/index.php\/wp-json\/wp\/v2\/comments?post=4"}],"version-history":[{"count":876,"href":"https:\/\/www.mint-karlsruhe.de\/index.php\/wp-json\/wp\/v2\/pages\/4\/revisions"}],"predecessor-version":[{"id":1704,"href":"https:\/\/www.mint-karlsruhe.de\/index.php\/wp-json\/wp\/v2\/pages\/4\/revisions\/1704"}],"wp:attachment":[{"href":"https:\/\/www.mint-karlsruhe.de\/index.php\/wp-json\/wp\/v2\/media?parent=4"}],"curies":[{"name":"wp","href":"https:\/\/api.w.org\/{rel}","templated":true}]}}