{"id":43,"date":"2015-07-01T20:48:36","date_gmt":"2015-07-01T18:48:36","guid":{"rendered":"http:\/\/www.mint-karlsruhe.de\/test\/?page_id=43"},"modified":"2021-07-12T23:00:50","modified_gmt":"2021-07-12T21:00:50","slug":"oeffnungszeiten","status":"publish","type":"page","link":"https:\/\/www.mint-karlsruhe.de\/index.php\/oeffnungszeiten\/","title":{"rendered":"\u00d6ffnungszeiten"},"content":{"rendered":"<p>[vc_row full_width=&#8220;&#8220; parallax=&#8220;&#8220; parallax_image=&#8220;&#8220;][vc_column width=&#8220;1\/1&#8243;]<h2 class=\"section-title\"> mint \u00d6ffnungszeiten <\/h2><\/p>\n<p>[\/vc_column][\/vc_row][vc_row full_width=&#8220;&#8220; parallax=&#8220;&#8220; parallax_image=&#8220;&#8220;][vc_column width=&#8220;1\/1&#8243;]<div class=\"section-subtitle\">Gerne reservieren wir Ihnen einen\u00a0Tisch.<br \/>\nBitte senden\u00a0Sie uns eine E-Mail:\u00a0<strong><a href=\"mailto:info@mint-karlsruhe.de\">info@mint-karlsruhe.de<\/a><\/strong><\/p>\n<p>Unsere reduzierten \u00d6ffnungszeiten:<\/p>\n<p>Mittwoch, Donnerstag<br \/>\n12:00 bis 14:00 Uhr<br \/>\nMittagstisch, Kaffeespezialit\u00e4ten<br \/>\nund Kaltgetr\u00e4nke<br \/>\n(auch zum Mitnehmen)<\/p>\n<p>Sonntag<br \/>\n14 bis 17:00 Uhr<br \/>\nKaffeespezialit\u00e4ten,\u00a0Kaltgetr\u00e4nke,<br \/>\nKuchen und Torten<br \/>\n(auch zum Mitnehmen)<\/p>\n<p>F\u00fcr Ihre Feier \u00f6ffnet das mint auch au\u00dferhalb unserer \u00d6ffnungszeiten. Sprechen Sie uns gerne an!<\/div>[\/vc_column][\/vc_row]<\/p>\n","protected":false},"excerpt":{"rendered":"<p>[vc_row full_width=&#8220;&#8220; parallax=&#8220;&#8220; parallax_image=&#8220;&#8220;][vc_column width=&#8220;1\/1&#8243;] [\/vc_column][\/vc_row][vc_row full_width=&#8220;&#8220; parallax=&#8220;&#8220; parallax_image=&#8220;&#8220;][vc_column width=&#8220;1\/1&#8243;][\/vc_column][\/vc_row]<\/p>\n","protected":false},"author":1,"featured_media":0,"parent":0,"menu_order":0,"comment_status":"open","ping_status":"open","template":"page-full-width.php","meta":{"footnotes":""},"class_list":["post-43","page","type-page","status-publish","hentry"],"_links":{"self":[{"href":"https:\/\/www.mint-karlsruhe.de\/index.php\/wp-json\/wp\/v2\/pages\/43","targetHints":{"allow":["GET"]}}],"collection":[{"href":"https:\/\/www.mint-karlsruhe.de\/index.php\/wp-json\/wp\/v2\/pages"}],"about":[{"href":"https:\/\/www.mint-karlsruhe.de\/index.php\/wp-json\/wp\/v2\/types\/page"}],"author":[{"embeddable":true,"href":"https:\/\/www.mint-karlsruhe.de\/index.php\/wp-json\/wp\/v2\/users\/1"}],"replies":[{"embeddable":true,"href":"https:\/\/www.mint-karlsruhe.de\/index.php\/wp-json\/wp\/v2\/comments?post=43"}],"version-history":[{"count":23,"href":"https:\/\/www.mint-karlsruhe.de\/index.php\/wp-json\/wp\/v2\/pages\/43\/revisions"}],"predecessor-version":[{"id":1026,"href":"https:\/\/www.mint-karlsruhe.de\/index.php\/wp-json\/wp\/v2\/pages\/43\/revisions\/1026"}],"wp:attachment":[{"href":"https:\/\/www.mint-karlsruhe.de\/index.php\/wp-json\/wp\/v2\/media?parent=43"}],"curies":[{"name":"wp","href":"https:\/\/api.w.org\/{rel}","templated":true}]}}