{"id":6,"date":"2015-06-30T20:30:59","date_gmt":"2015-06-30T18:30:59","guid":{"rendered":"http:\/\/www.mint-karlsruhe.de\/test\/?page_id=6"},"modified":"2023-01-20T17:17:10","modified_gmt":"2023-01-20T16:17:10","slug":"ueber-uns","status":"publish","type":"page","link":"https:\/\/www.mint-karlsruhe.de\/index.php\/ueber-uns\/","title":{"rendered":"Philosophie"},"content":{"rendered":"<p>[vc_row full_width=&#8220;&#8220; parallax=&#8220;&#8220; parallax_image=&#8220;&#8220;][vc_column width=&#8220;1\/1&#8243;]<h2 class=\"section-title\"> Philosophie <\/h2><\/p>\r\n<p>[\/vc_column][\/vc_row][vc_row full_width=&#8220;&#8220; parallax=&#8220;&#8220; parallax_image=&#8220;&#8220;][vc_column width=&#8220;1\/2&#8243;]<div class=\"section-subtitle\"><span class=\"Apple-style-span\"><strong>mint \u2013 bistro.caf\u00e9.bar.catering.<br \/><\/strong><\/span><span class=\"Apple-style-span\"><strong>steht f\u00fcr\u00a0fresh,\u00a0homemade,\u00a0healthy, regional, seasonal.<\/strong><br \/><\/span><\/p>\r\n<div>\r\n<p><strong>fresh\u00a0<\/strong>Unser Ziel ist es, Produkte so nat\u00fcrlich es geht zu belassen, so wird ihr bestm\u00f6glicher Geschmack bewahrt. Frische ist uns dabei ganz besonders wichtig&#8230; denn Frische schmeckt man.\u00a0Wir wechseln w\u00f6chentlich<br \/>unsere Mittagskarte und bieten Suppe, Snacks, Salate,\u00a0Pasta- und klassische Gerichte \u2013 modern abgewandelt.\u00a0Wir glauben an<br \/>den Grundsatz: Gutes Essen ist hausgemacht.<\/p>\r\n<\/div>\r\n<div>\r\n<p><strong>homemade<\/strong> Wir fertigen unsere Speisen \u00fcberwiegend selbst \u2013 von <span class=\"Apple-style-span\">Aufstrichen, Chutneys, Kr\u00e4utersalz bis hin zu\u00a0Marmelade, M\u00fcsli, Pralinen \u2013\u00a0<\/span>mit Liebe<br \/>zum Detail.\u00a0Auch viele Getr\u00e4nke sind hausgemacht: Hei\u00dfe Schokolade, Limonaden, Eistee und Smoothies.\u00a0Das gesamte s\u00fc\u00dfe Sortiment entsteht in unserer Backstube: Torten, Kuchen, s\u00fc\u00dfe St\u00fcckchen, Desserts, Pralinen.<\/p>\r\n<\/div>\r\n<div>\r\n<p><strong>healthy<\/strong> Unser Angebot ist \u00fcberwiegend vegetarisch und vegan. Zus\u00e4tzlich dazu gibt es eine wechselnde Auswahl an hausgemachten, veganen Kuchen und Torten. Wir sch\u00e4tzen unsere tierischen Freunde, daher suchen wir unsere tierischen Produkte sorgf\u00e4ltig aus.<\/p>\r\n<p><strong>regional<\/strong> Die Zutaten und Lebensmittel, die wir verwenden, stammen aus der Region von kleinen heimischen Anbietern \u2013\u00a0denn das Gute liegt so nah: Unsere Koorperationspartner sind unter anderem Kronen Kaffee mit einer eigenen R\u00f6stung f\u00fcrs mint, Obst &amp; Gem\u00fcse sowie Getr\u00e4nke von unseren Lieferanten aus Ettlingen. \u00a0Unseren Wein beziehen wir vom Weingut Ellermann &amp; Spiegel aus der Pfalz. <\/p>\r\n<p><strong>seasonal<\/strong> Im Sommer kommen die Produkte teilweise aus unserem eigenen Anbau. <br>\r\nUnsere Speisekarte passt sich dem saisonalen Angebot an. Eine reiche Ernte aus Spitzpaprika, Wassermelonen, K\u00fcrbisse, Zucchinis, Gurken, Tomaten neuen Aussaaten und Gem\u00fcsesorten motiviert uns jedes Jahr Neues auszuprobieren und wir freuen uns auf unsere Ernte 2023.<\/p>\r\n<\/div>\r\n<\/div>[\/vc_column][vc_column width=&#8220;1\/2&#8243;]<div class=\"carousel-wrap  generic-carousel \">\n            <div class=\"jelly-carousel\"><div class=\"item\"><img loading=\"lazy\" decoding=\"async\" width=\"638\" height=\"425\" src=\"https:\/\/www.mint-karlsruhe.de\/wp-content\/uploads\/2015\/06\/gina_caro_mint.jpg\" class=\"attachment-full size-full\" alt=\"\" srcset=\"https:\/\/www.mint-karlsruhe.de\/wp-content\/uploads\/2015\/06\/gina_caro_mint.jpg 638w, https:\/\/www.mint-karlsruhe.de\/wp-content\/uploads\/2015\/06\/gina_caro_mint-300x200.jpg 300w\" sizes=\"auto, (max-width: 638px) 100vw, 638px\" \/><\/div><\/div>\n        <\/div><div class=\"voffset150\"><\/div><div class=\"carousel-wrap  generic-carousel \">\n            <div class=\"jelly-carousel\"><div class=\"item\"><img loading=\"lazy\" decoding=\"async\" width=\"638\" height=\"425\" src=\"https:\/\/www.mint-karlsruhe.de\/wp-content\/uploads\/2015\/06\/mint_food_salzig04.jpg\" class=\"attachment-full size-full\" alt=\"\" srcset=\"https:\/\/www.mint-karlsruhe.de\/wp-content\/uploads\/2015\/06\/mint_food_salzig04.jpg 638w, https:\/\/www.mint-karlsruhe.de\/wp-content\/uploads\/2015\/06\/mint_food_salzig04-300x200.jpg 300w\" sizes=\"auto, (max-width: 638px) 100vw, 638px\" \/><\/div><div class=\"item\"><img loading=\"lazy\" decoding=\"async\" width=\"638\" height=\"425\" src=\"https:\/\/www.mint-karlsruhe.de\/wp-content\/uploads\/2015\/08\/mint_food_salzig01.jpg\" class=\"attachment-full size-full\" alt=\"\" srcset=\"https:\/\/www.mint-karlsruhe.de\/wp-content\/uploads\/2015\/08\/mint_food_salzig01.jpg 638w, https:\/\/www.mint-karlsruhe.de\/wp-content\/uploads\/2015\/08\/mint_food_salzig01-300x200.jpg 300w\" sizes=\"auto, (max-width: 638px) 100vw, 638px\" \/><\/div><div class=\"item\"><img loading=\"lazy\" decoding=\"async\" width=\"800\" height=\"533\" src=\"https:\/\/www.mint-karlsruhe.de\/wp-content\/uploads\/2015\/07\/mint_003_kl.jpg\" class=\"attachment-full size-full\" alt=\"\" srcset=\"https:\/\/www.mint-karlsruhe.de\/wp-content\/uploads\/2015\/07\/mint_003_kl.jpg 800w, https:\/\/www.mint-karlsruhe.de\/wp-content\/uploads\/2015\/07\/mint_003_kl-300x200.jpg 300w\" sizes=\"auto, (max-width: 800px) 100vw, 800px\" \/><\/div><div class=\"item\"><img loading=\"lazy\" decoding=\"async\" width=\"800\" height=\"533\" src=\"https:\/\/www.mint-karlsruhe.de\/wp-content\/uploads\/2015\/07\/mint_005_kl.jpg\" class=\"attachment-full size-full\" alt=\"\" srcset=\"https:\/\/www.mint-karlsruhe.de\/wp-content\/uploads\/2015\/07\/mint_005_kl.jpg 800w, https:\/\/www.mint-karlsruhe.de\/wp-content\/uploads\/2015\/07\/mint_005_kl-300x200.jpg 300w\" sizes=\"auto, (max-width: 800px) 100vw, 800px\" \/><\/div><div class=\"item\"><img loading=\"lazy\" decoding=\"async\" width=\"548\" height=\"425\" src=\"https:\/\/www.mint-karlsruhe.de\/wp-content\/uploads\/2015\/07\/mint_food_suess06.jpg\" class=\"attachment-full size-full\" alt=\"\" srcset=\"https:\/\/www.mint-karlsruhe.de\/wp-content\/uploads\/2015\/07\/mint_food_suess06.jpg 548w, https:\/\/www.mint-karlsruhe.de\/wp-content\/uploads\/2015\/07\/mint_food_suess06-300x233.jpg 300w\" sizes=\"auto, (max-width: 548px) 100vw, 548px\" \/><\/div><div class=\"item\"><img loading=\"lazy\" decoding=\"async\" width=\"571\" height=\"425\" src=\"https:\/\/www.mint-karlsruhe.de\/wp-content\/uploads\/2015\/07\/mint_food_suess07.jpg\" class=\"attachment-full size-full\" alt=\"\" srcset=\"https:\/\/www.mint-karlsruhe.de\/wp-content\/uploads\/2015\/07\/mint_food_suess07.jpg 571w, https:\/\/www.mint-karlsruhe.de\/wp-content\/uploads\/2015\/07\/mint_food_suess07-300x223.jpg 300w\" sizes=\"auto, (max-width: 571px) 100vw, 571px\" \/><\/div><div class=\"item\"><img loading=\"lazy\" decoding=\"async\" width=\"727\" height=\"425\" src=\"https:\/\/www.mint-karlsruhe.de\/wp-content\/uploads\/2015\/06\/lemonade03.jpg\" class=\"attachment-full size-full\" alt=\"\" srcset=\"https:\/\/www.mint-karlsruhe.de\/wp-content\/uploads\/2015\/06\/lemonade03.jpg 727w, https:\/\/www.mint-karlsruhe.de\/wp-content\/uploads\/2015\/06\/lemonade03-300x175.jpg 300w\" sizes=\"auto, (max-width: 727px) 100vw, 727px\" \/><\/div><\/div>\n        <\/div>[\/vc_column][\/vc_row]<\/p>\r\n\r\n<p>&nbsp;<\/p>\r\n","protected":false},"excerpt":{"rendered":"<p>[vc_row full_width=&#8220;&#8220; parallax=&#8220;&#8220; parallax_image=&#8220;&#8220;][vc_column width=&#8220;1\/1&#8243;] [\/vc_column][\/vc_row][vc_row full_width=&#8220;&#8220; parallax=&#8220;&#8220; parallax_image=&#8220;&#8220;][vc_column width=&#8220;1\/2&#8243;][\/vc_column][vc_column width=&#8220;1\/2&#8243;][\/vc_column][\/vc_row] &nbsp;<\/p>\n","protected":false},"author":1,"featured_media":0,"parent":0,"menu_order":0,"comment_status":"open","ping_status":"open","template":"page-full-width.php","meta":{"footnotes":""},"class_list":["post-6","page","type-page","status-publish","hentry"],"_links":{"self":[{"href":"https:\/\/www.mint-karlsruhe.de\/index.php\/wp-json\/wp\/v2\/pages\/6","targetHints":{"allow":["GET"]}}],"collection":[{"href":"https:\/\/www.mint-karlsruhe.de\/index.php\/wp-json\/wp\/v2\/pages"}],"about":[{"href":"https:\/\/www.mint-karlsruhe.de\/index.php\/wp-json\/wp\/v2\/types\/page"}],"author":[{"embeddable":true,"href":"https:\/\/www.mint-karlsruhe.de\/index.php\/wp-json\/wp\/v2\/users\/1"}],"replies":[{"embeddable":true,"href":"https:\/\/www.mint-karlsruhe.de\/index.php\/wp-json\/wp\/v2\/comments?post=6"}],"version-history":[{"count":42,"href":"https:\/\/www.mint-karlsruhe.de\/index.php\/wp-json\/wp\/v2\/pages\/6\/revisions"}],"predecessor-version":[{"id":1311,"href":"https:\/\/www.mint-karlsruhe.de\/index.php\/wp-json\/wp\/v2\/pages\/6\/revisions\/1311"}],"wp:attachment":[{"href":"https:\/\/www.mint-karlsruhe.de\/index.php\/wp-json\/wp\/v2\/media?parent=6"}],"curies":[{"name":"wp","href":"https:\/\/api.w.org\/{rel}","templated":true}]}}