{"id":75,"date":"2015-07-03T21:57:51","date_gmt":"2015-07-03T19:57:51","guid":{"rendered":"http:\/\/www.mint-karlsruhe.de\/test\/?page_id=75"},"modified":"2022-10-13T15:10:58","modified_gmt":"2022-10-13T13:10:58","slug":"catering","status":"publish","type":"page","link":"https:\/\/www.mint-karlsruhe.de\/index.php\/catering\/","title":{"rendered":"Catering"},"content":{"rendered":"<p>[vc_row full_width=&#8220;&#8220; parallax=&#8220;&#8220; parallax_image=&#8220;&#8220;][vc_column width=&#8220;1\/1&#8243;]<h2 class=\"section-title\"> catering <\/h2><\/p>\n<p>[\/vc_column][\/vc_row][vc_row full_width=&#8220;&#8220; parallax=&#8220;&#8220; parallax_image=&#8220;&#8220;][vc_column width=&#8220;2\/3&#8243;]<div class=\"section-subtitle\">\n<div>\n<div>\n<div>\n<p><strong>mint\u00a0<\/strong>bietet Ihnen\u00a0<span class=\"Apple-style-span\">anspruchsvolle, gesunde und frische K\u00fcche.<br \/>\nWir \u00a0verwenden\u00a0saisonale Zutaten, die vorwiegend aus der Region kommen. Unser kulinarisches Angebot f\u00fcr Ihr Event \u2013 individuell\u00a0geplant.<\/span><\/p>\n<p><span class=\"Apple-style-span\">Fingerfood, Snacks, ein Men\u00fc am Tisch serviert oder Buffets f\u00fcr Geburtstage, Familienfeiern, Tagungen, Kongresse und Jubil\u00e4en \u2013 das <strong>mint<\/strong> freut sich, Ihr<br \/>\nGastgeber zu sein.<\/span><\/p>\n<p><span class=\"Apple-style-span\">Ein gesundes Gleichgewicht\u00a0zwischen Fleisch-, Fisch- und vegetarischen Gerichten ist uns wichtig. Selbstverst\u00e4ndlich bieten wir Ihnen auf Wunsch auch gluten- und laktosefreie Speisen an und kennzeichnen diese.<br \/>\n<\/span><\/p>\n<p><span class=\"Apple-style-span\">\u2028Sie k\u00f6nnen Ihr Event bei uns im <strong>mint<\/strong> feiern oder auch gr\u00f6\u00dfere R\u00e4umlichkeiten \u00fcber das ZKM anmieten.\u00a0<a href=\"http:\/\/zkm.de\/vermietungen\/anfrage\" target=\"_blank\" rel=\"noopener\">(ZKM als Veranstaltungsort)<\/a>.<\/span><\/p>\n<p><span class=\"Apple-style-span\">Ihre Veranstaltung kann innerhalb, ab einer bestimmten Personenanzahl auch gerne au\u00dferhalb unserer \u00d6ffnungszeiten stattfinden. Gerne beliefern wir Ihr Event auch au\u00dferhalb der Location des mints.<br \/>\nSprechen Sie uns an!<\/span><\/p>\n<p>&nbsp;<\/p>\n<\/div>\n<\/div>\n<\/div>\n<\/div>[\/vc_column][vc_column width=&#8220;1\/3&#8243;]<div class=\"carousel-wrap full generic-carousel \">\n            <div class=\"jelly-carousel\"><div class=\"item\"><img loading=\"lazy\" decoding=\"async\" width=\"638\" height=\"425\" src=\"https:\/\/www.mint-karlsruhe.de\/wp-content\/uploads\/2015\/10\/mint_catering_051.jpg\" class=\"attachment-full size-full\" alt=\"\" srcset=\"https:\/\/www.mint-karlsruhe.de\/wp-content\/uploads\/2015\/10\/mint_catering_051.jpg 638w, https:\/\/www.mint-karlsruhe.de\/wp-content\/uploads\/2015\/10\/mint_catering_051-300x200.jpg 300w\" sizes=\"auto, (max-width: 638px) 100vw, 638px\" \/><\/div><div class=\"item\"><img loading=\"lazy\" decoding=\"async\" width=\"638\" height=\"425\" src=\"https:\/\/www.mint-karlsruhe.de\/wp-content\/uploads\/2015\/10\/mint_catering_041.jpg\" class=\"attachment-full size-full\" alt=\"\" srcset=\"https:\/\/www.mint-karlsruhe.de\/wp-content\/uploads\/2015\/10\/mint_catering_041.jpg 638w, https:\/\/www.mint-karlsruhe.de\/wp-content\/uploads\/2015\/10\/mint_catering_041-300x200.jpg 300w\" sizes=\"auto, (max-width: 638px) 100vw, 638px\" \/><\/div><div class=\"item\"><img loading=\"lazy\" decoding=\"async\" width=\"638\" height=\"425\" src=\"https:\/\/www.mint-karlsruhe.de\/wp-content\/uploads\/2015\/10\/mint_catering_021.jpg\" class=\"attachment-full size-full\" alt=\"\" srcset=\"https:\/\/www.mint-karlsruhe.de\/wp-content\/uploads\/2015\/10\/mint_catering_021.jpg 638w, https:\/\/www.mint-karlsruhe.de\/wp-content\/uploads\/2015\/10\/mint_catering_021-300x200.jpg 300w\" sizes=\"auto, (max-width: 638px) 100vw, 638px\" \/><\/div><div class=\"item\"><img loading=\"lazy\" decoding=\"async\" width=\"638\" height=\"425\" src=\"https:\/\/www.mint-karlsruhe.de\/wp-content\/uploads\/2015\/10\/mint_catering_011.jpg\" class=\"attachment-full size-full\" alt=\"\" srcset=\"https:\/\/www.mint-karlsruhe.de\/wp-content\/uploads\/2015\/10\/mint_catering_011.jpg 638w, https:\/\/www.mint-karlsruhe.de\/wp-content\/uploads\/2015\/10\/mint_catering_011-300x200.jpg 300w\" sizes=\"auto, (max-width: 638px) 100vw, 638px\" \/><\/div><\/div>\n        <\/div><div class=\"voffset150\"><\/div><div class=\"carousel-wrap  generic-carousel \">\n            <div class=\"jelly-carousel\"><div class=\"item\"><img loading=\"lazy\" decoding=\"async\" width=\"638\" height=\"425\" src=\"https:\/\/www.mint-karlsruhe.de\/wp-content\/uploads\/2015\/11\/mint_catering_07.jpg\" class=\"attachment-full size-full\" alt=\"\" srcset=\"https:\/\/www.mint-karlsruhe.de\/wp-content\/uploads\/2015\/11\/mint_catering_07.jpg 638w, https:\/\/www.mint-karlsruhe.de\/wp-content\/uploads\/2015\/11\/mint_catering_07-300x200.jpg 300w\" sizes=\"auto, (max-width: 638px) 100vw, 638px\" \/><\/div><div class=\"item\"><img loading=\"lazy\" decoding=\"async\" width=\"638\" height=\"425\" src=\"https:\/\/www.mint-karlsruhe.de\/wp-content\/uploads\/2015\/10\/mint_catering_061.jpg\" class=\"attachment-full size-full\" alt=\"\" srcset=\"https:\/\/www.mint-karlsruhe.de\/wp-content\/uploads\/2015\/10\/mint_catering_061.jpg 638w, https:\/\/www.mint-karlsruhe.de\/wp-content\/uploads\/2015\/10\/mint_catering_061-300x200.jpg 300w\" sizes=\"auto, (max-width: 638px) 100vw, 638px\" \/><\/div><div class=\"item\"><img loading=\"lazy\" decoding=\"async\" width=\"638\" height=\"425\" src=\"https:\/\/www.mint-karlsruhe.de\/wp-content\/uploads\/2015\/11\/mint_catering_09.jpg\" class=\"attachment-full size-full\" alt=\"\" srcset=\"https:\/\/www.mint-karlsruhe.de\/wp-content\/uploads\/2015\/11\/mint_catering_09.jpg 638w, https:\/\/www.mint-karlsruhe.de\/wp-content\/uploads\/2015\/11\/mint_catering_09-300x200.jpg 300w\" sizes=\"auto, (max-width: 638px) 100vw, 638px\" \/><\/div><div class=\"item\"><img loading=\"lazy\" decoding=\"async\" width=\"638\" height=\"425\" src=\"https:\/\/www.mint-karlsruhe.de\/wp-content\/uploads\/2015\/11\/mint_catering_08.jpg\" class=\"attachment-full size-full\" alt=\"\" srcset=\"https:\/\/www.mint-karlsruhe.de\/wp-content\/uploads\/2015\/11\/mint_catering_08.jpg 638w, https:\/\/www.mint-karlsruhe.de\/wp-content\/uploads\/2015\/11\/mint_catering_08-300x200.jpg 300w\" sizes=\"auto, (max-width: 638px) 100vw, 638px\" \/><\/div><\/div>\n        <\/div><div class=\"voffset150\"><\/div><div class=\"carousel-wrap  generic-carousel \">\n            <div class=\"jelly-carousel\"><div class=\"item\"><img loading=\"lazy\" decoding=\"async\" width=\"638\" height=\"425\" src=\"https:\/\/www.mint-karlsruhe.de\/wp-content\/uploads\/2015\/11\/mint_catering_10.jpg\" class=\"attachment-full size-full\" alt=\"\" srcset=\"https:\/\/www.mint-karlsruhe.de\/wp-content\/uploads\/2015\/11\/mint_catering_10.jpg 638w, https:\/\/www.mint-karlsruhe.de\/wp-content\/uploads\/2015\/11\/mint_catering_10-300x200.jpg 300w\" sizes=\"auto, (max-width: 638px) 100vw, 638px\" \/><\/div><div class=\"item\"><img loading=\"lazy\" decoding=\"async\" width=\"638\" height=\"425\" src=\"https:\/\/www.mint-karlsruhe.de\/wp-content\/uploads\/2015\/11\/mint_catering_11.jpg\" class=\"attachment-full size-full\" alt=\"\" srcset=\"https:\/\/www.mint-karlsruhe.de\/wp-content\/uploads\/2015\/11\/mint_catering_11.jpg 638w, https:\/\/www.mint-karlsruhe.de\/wp-content\/uploads\/2015\/11\/mint_catering_11-300x200.jpg 300w\" sizes=\"auto, (max-width: 638px) 100vw, 638px\" \/><\/div><div class=\"item\"><img loading=\"lazy\" decoding=\"async\" width=\"638\" height=\"425\" src=\"https:\/\/www.mint-karlsruhe.de\/wp-content\/uploads\/2015\/11\/mint_catering_12.jpg\" class=\"attachment-full size-full\" alt=\"\" srcset=\"https:\/\/www.mint-karlsruhe.de\/wp-content\/uploads\/2015\/11\/mint_catering_12.jpg 638w, https:\/\/www.mint-karlsruhe.de\/wp-content\/uploads\/2015\/11\/mint_catering_12-300x200.jpg 300w\" sizes=\"auto, (max-width: 638px) 100vw, 638px\" \/><\/div><div class=\"item\"><img loading=\"lazy\" decoding=\"async\" width=\"638\" height=\"425\" src=\"https:\/\/www.mint-karlsruhe.de\/wp-content\/uploads\/2015\/11\/mint_catering_14.jpg\" class=\"attachment-full size-full\" alt=\"\" srcset=\"https:\/\/www.mint-karlsruhe.de\/wp-content\/uploads\/2015\/11\/mint_catering_14.jpg 638w, https:\/\/www.mint-karlsruhe.de\/wp-content\/uploads\/2015\/11\/mint_catering_14-300x200.jpg 300w\" sizes=\"auto, (max-width: 638px) 100vw, 638px\" \/><\/div><\/div>\n        <\/div>[\/vc_column][\/vc_row]<\/p>\n","protected":false},"excerpt":{"rendered":"<p>[vc_row full_width=&#8220;&#8220; parallax=&#8220;&#8220; parallax_image=&#8220;&#8220;][vc_column width=&#8220;1\/1&#8243;] [\/vc_column][\/vc_row][vc_row full_width=&#8220;&#8220; parallax=&#8220;&#8220; parallax_image=&#8220;&#8220;][vc_column width=&#8220;2\/3&#8243;][\/vc_column][vc_column width=&#8220;1\/3&#8243;][\/vc_column][\/vc_row]<\/p>\n","protected":false},"author":1,"featured_media":0,"parent":0,"menu_order":0,"comment_status":"closed","ping_status":"open","template":"","meta":{"footnotes":""},"class_list":["post-75","page","type-page","status-publish","hentry"],"_links":{"self":[{"href":"https:\/\/www.mint-karlsruhe.de\/index.php\/wp-json\/wp\/v2\/pages\/75","targetHints":{"allow":["GET"]}}],"collection":[{"href":"https:\/\/www.mint-karlsruhe.de\/index.php\/wp-json\/wp\/v2\/pages"}],"about":[{"href":"https:\/\/www.mint-karlsruhe.de\/index.php\/wp-json\/wp\/v2\/types\/page"}],"author":[{"embeddable":true,"href":"https:\/\/www.mint-karlsruhe.de\/index.php\/wp-json\/wp\/v2\/users\/1"}],"replies":[{"embeddable":true,"href":"https:\/\/www.mint-karlsruhe.de\/index.php\/wp-json\/wp\/v2\/comments?post=75"}],"version-history":[{"count":34,"href":"https:\/\/www.mint-karlsruhe.de\/index.php\/wp-json\/wp\/v2\/pages\/75\/revisions"}],"predecessor-version":[{"id":1266,"href":"https:\/\/www.mint-karlsruhe.de\/index.php\/wp-json\/wp\/v2\/pages\/75\/revisions\/1266"}],"wp:attachment":[{"href":"https:\/\/www.mint-karlsruhe.de\/index.php\/wp-json\/wp\/v2\/media?parent=75"}],"curies":[{"name":"wp","href":"https:\/\/api.w.org\/{rel}","templated":true}]}}